{"id":146,"date":"2021-07-12T11:41:29","date_gmt":"2021-07-12T08:41:29","guid":{"rendered":"https:\/\/www.tetnak.com.tr\/cevre-politikamiz\/"},"modified":"2021-07-12T11:42:36","modified_gmt":"2021-07-12T08:42:36","slug":"cevre-politikamiz","status":"publish","type":"page","link":"https:\/\/www.tetnak.com.tr\/en\/cevre-politikamiz\/","title":{"rendered":"\u00c7evre Politikam\u0131z"},"content":{"rendered":"<p><img loading=\"lazy\" decoding=\"async\" class=\"aligncenter size-full wp-image-143\" src=\"https:\/\/www.tetnak.com.tr\/wp-content\/uploads\/2021\/07\/cevre-politikasmiz-resim.png\" alt=\"\" width=\"920\" height=\"299\" srcset=\"https:\/\/www.tetnak.com.tr\/wp-content\/uploads\/2021\/07\/cevre-politikasmiz-resim.png 920w, https:\/\/www.tetnak.com.tr\/wp-content\/uploads\/2021\/07\/cevre-politikasmiz-resim-300x98.png 300w, https:\/\/www.tetnak.com.tr\/wp-content\/uploads\/2021\/07\/cevre-politikasmiz-resim-768x250.png 768w, https:\/\/www.tetnak.com.tr\/wp-content\/uploads\/2021\/07\/cevre-politikasmiz-resim-260x85.png 260w, https:\/\/www.tetnak.com.tr\/wp-content\/uploads\/2021\/07\/cevre-politikasmiz-resim-50x16.png 50w, https:\/\/www.tetnak.com.tr\/wp-content\/uploads\/2021\/07\/cevre-politikasmiz-resim-150x49.png 150w\" sizes=\"auto, (max-width:767px) 480px, (max-width:920px) 100vw, 920px\" \/><\/p>\n<p>\u00c7evre koruma \u00e7al\u0131\u015fmalar\u0131m\u0131z\u0131 s\u00fcrekli geli\u015ftirerek ad\u0131m\u0131z\u0131 en iyi \u015fekilde duyurmak ve t\u00fcm faaliyetlerimizde \u00e7evre koruma anlay\u0131\u015f\u0131m\u0131zdan \u00f6d\u00fcn vermeden her zaman mevcut yasa ve y\u00f6netmeliklerin \u00f6ng\u00f6rd\u00fc\u011f\u00fcn\u00fcn \u00fczerinde bir duyarl\u0131l\u0131kla gerekli \u00f6nlemleri alarak s\u00fcrd\u00fcrmek hedefimiz olacakt\u0131r.<\/p>\n<ul>\n<li>Hi\u00e7bir i\u015f \u00e7evre sa\u011fl\u0131\u011f\u0131n\u0131 tehlikeye atacak kadar acele ve \u00f6nemli olamaz,<\/li>\n<li>\u00c7evre koruma kurallar\u0131n\u0131n tamam\u0131na her zaman ve her i\u015fyerimizde uyulacakt\u0131r.<\/li>\n<li>Her \u00e7al\u0131\u015fan\u0131m\u0131z kendisinin ve di\u011ferlerinin \u00e7evreye zarar verici davran\u0131\u015flar\u0131ndan do\u011frudan sorumlu olaca\u011f\u0131n\u0131n bilinciyle gerekli bilgi ve beceriye sahip olacak \u015fekilde e\u011fitilecektir.<\/li>\n<li>\u0130\u015f yerlerimizde, \u00e7al\u0131\u015fanlar\u0131m\u0131z\u0131n tamam\u0131 \u00e7evreyi korumak i\u00e7in gerekli bilgi, beceri ve yetene\u011fe sahip olacakt\u0131r.<\/li>\n<li>T\u00fcm i\u015f yerlerimizde ve imalatlar\u0131m\u0131zda \u00e7evresel risk fakt\u00f6rlerini en aza indirilecek \u00f6nlemler al\u0131nacakt\u0131r.<\/li>\n<li>\u00c7al\u0131\u015ft\u0131\u011f\u0131m\u0131z kurulu\u015flarla \u00e7evre konusunda a\u00e7\u0131k, aktif ve \u00fcretken bir i\u015f i\u015fbirli\u011fi olu\u015fturularak \u00e7evreye duyarl\u0131l\u0131k ilkesinin benimsetilmesine \u00e7al\u0131\u015f\u0131lacakt\u0131r.<\/li>\n<li>Bizim ve bizden sonraki nesillerin sa\u011fl\u0131kl\u0131 ya\u015famas\u0131 gereklili\u011finden dolay\u0131 \u00e7evrenin korunmas\u0131 ve bu y\u00f6nde iyile\u015ftirilmesi i\u00e7in gerekli kaynaklar ayr\u0131larak yat\u0131r\u0131mlar yap\u0131lacakt\u0131r.<\/li>\n<li>\u00c7evre korunmas\u0131 ile ilgili t\u00fcm kanun ve y\u00fck\u00fcml\u00fcl\u00fckler her zaman ve her i\u015fyerimizde yerine getirilecektir.<\/li>\n<li>\u201cDo\u011fa insana muhta\u00e7 de\u011fil, insan do\u011faya muhta\u00e7t\u0131r\u201d ilkesi temel prensibimiz olacakt\u0131r.<\/li>\n<\/ul>\n","protected":false},"excerpt":{"rendered":"<p>\u00c7evre koruma \u00e7al\u0131\u015fmalar\u0131m\u0131z\u0131 s\u00fcrekli geli\u015ftirerek ad\u0131m\u0131z\u0131 en iyi \u015fekilde duyurmak ve t\u00fcm faaliyetlerimizde \u00e7evre koruma anlay\u0131\u015f\u0131m\u0131zdan \u00f6d\u00fcn vermeden her zaman mevcut yasa ve y\u00f6netmeliklerin \u00f6ng\u00f6rd\u00fc\u011f\u00fcn\u00fcn \u00fczerinde<span class=\"excerpt-hellip\"> [\u2026]<\/span><\/p>\n","protected":false},"author":1,"featured_media":0,"parent":0,"menu_order":0,"comment_status":"closed","ping_status":"closed","template":"","meta":{"rs_blank_template":"","rs_page_bg_color":"","slide_template_v7":"","footnotes":""},"class_list":["post-146","page","type-page","status-publish","hentry"],"_links":{"self":[{"href":"https:\/\/www.tetnak.com.tr\/en\/wp-json\/wp\/v2\/pages\/146","targetHints":{"allow":["GET"]}}],"collection":[{"href":"https:\/\/www.tetnak.com.tr\/en\/wp-json\/wp\/v2\/pages"}],"about":[{"href":"https:\/\/www.tetnak.com.tr\/en\/wp-json\/wp\/v2\/types\/page"}],"author":[{"embeddable":true,"href":"https:\/\/www.tetnak.com.tr\/en\/wp-json\/wp\/v2\/users\/1"}],"replies":[{"embeddable":true,"href":"https:\/\/www.tetnak.com.tr\/en\/wp-json\/wp\/v2\/comments?post=146"}],"version-history":[{"count":1,"href":"https:\/\/www.tetnak.com.tr\/en\/wp-json\/wp\/v2\/pages\/146\/revisions"}],"predecessor-version":[{"id":147,"href":"https:\/\/www.tetnak.com.tr\/en\/wp-json\/wp\/v2\/pages\/146\/revisions\/147"}],"wp:attachment":[{"href":"https:\/\/www.tetnak.com.tr\/en\/wp-json\/wp\/v2\/media?parent=146"}],"curies":[{"name":"wp","href":"https:\/\/api.w.org\/{rel}","templated":true}]}}