{"id":150,"date":"2021-07-12T11:43:58","date_gmt":"2021-07-12T08:43:58","guid":{"rendered":"https:\/\/www.tetnak.com.tr\/bilgi-guvenligi-politikamiz\/"},"modified":"2021-07-12T11:44:57","modified_gmt":"2021-07-12T08:44:57","slug":"bilgi-guvenligi-politikamiz","status":"publish","type":"page","link":"https:\/\/www.tetnak.com.tr\/en\/bilgi-guvenligi-politikamiz\/","title":{"rendered":"Bilgi G\u00fcvenli\u011fi Politikam\u0131z"},"content":{"rendered":"<p><img loading=\"lazy\" decoding=\"async\" class=\"aligncenter size-full wp-image-61\" src=\"https:\/\/www.tetnak.com.tr\/wp-content\/uploads\/2021\/07\/grup-sirketlerimiz-resim.png\" alt=\"\" width=\"920\" height=\"299\" srcset=\"https:\/\/www.tetnak.com.tr\/wp-content\/uploads\/2021\/07\/grup-sirketlerimiz-resim.png 920w, https:\/\/www.tetnak.com.tr\/wp-content\/uploads\/2021\/07\/grup-sirketlerimiz-resim-300x98.png 300w, https:\/\/www.tetnak.com.tr\/wp-content\/uploads\/2021\/07\/grup-sirketlerimiz-resim-768x250.png 768w, https:\/\/www.tetnak.com.tr\/wp-content\/uploads\/2021\/07\/grup-sirketlerimiz-resim-260x85.png 260w, https:\/\/www.tetnak.com.tr\/wp-content\/uploads\/2021\/07\/grup-sirketlerimiz-resim-50x16.png 50w, https:\/\/www.tetnak.com.tr\/wp-content\/uploads\/2021\/07\/grup-sirketlerimiz-resim-150x49.png 150w\" sizes=\"auto, (max-width:767px) 480px, (max-width:920px) 100vw, 920px\" \/><\/p>\n<p>Firmam\u0131z \u201cULUSLARARASI TA\u015eIMACILIK, TUR\u0130ZM VE T\u0130CARET FAAL\u0130YETLER\u0130\u201d alan\u0131nda hizmet vermektedir. Firmam\u0131z olarak kurum \u00e7a\u011f\u0131nda gizlilik, b\u00fct\u00fcnl\u00fck ve t\u00fcm fiziksel ve elektronik bilgi varl\u0131klar\u0131n\u0131 korumay\u0131 taahh\u00fct etmektedir. Bilgi ve bilgi g\u00fcvenli\u011fi gereksinimleri kurumsal hedeflerimiz ile ayn\u0131 do\u011frultuda olacakt\u0131r. Firmam\u0131z y\u00f6netimi de\u011fi\u015fime a\u00e7\u0131k, iyi e\u011fitim alm\u0131\u015f, konusunda yetkin personel istihdam\u0131 sa\u011flayacak ve sekt\u00f6r i\u00e7erisinde rakiplerimizle rekabeti sa\u011flayacak finansman\u0131 sa\u011flamak, yeterli donan\u0131m ve altyap\u0131y\u0131 bulunduracakt\u0131r. Bu altyap\u0131 ve personel ile birlikte gerekli finansmanda sa\u011flanacakt\u0131r.<\/p>\n<p>\u0130\u015f s\u00fcreklili\u011fi ve acil durum planlar\u0131, veri yedekleme prosed\u00fcrleri, vir\u00fcslerden ve bilgisayar korsanlar\u0131ndan sak\u0131nma, eri\u015fim kontrol sistemleri ve bilgi g\u00fcvenli\u011fi ihlal bildirimi temel faaliyetlerimizin temel ta\u015flar\u0131n\u0131 olu\u015fturacakt\u0131r.<\/p>\n<p>Yap\u0131lan risk de\u011ferlendirmeleri sonucunda elde edilen a\u00e7\u0131kl\u0131klar ve tehditler bertaraf edilerek m\u00fc\u015fteri ve personelimizin bilgilerine g\u00fcvenli eri\u015fim sa\u011flanacakt\u0131r.<\/p>\n<p>Bu politikay\u0131 ger\u00e7ekle\u015ftirmek i\u00e7in ba\u015fta \u00e7al\u0131\u015fanlar\u0131m\u0131z\u0131n Bilgi G\u00fcvenli\u011fi Y\u00f6netim Sistemi \u015fartlar\u0131n\u0131 \u00e7al\u0131\u015fma bi\u00e7imi haline getirmelerini beklemekteyiz. T\u00fcm personel ve belirli \u00fc\u00e7\u00fcnc\u00fc taraflar\u0131n BGYS ile ilgili uygun e\u011fitimleri almas\u0131 sa\u011flanacakt\u0131r.<\/p>\n<p>Bilgi g\u00fcvenli\u011fi ile ilgili uygulanabilir \u015fartlar ve bu \u015fartlar\u0131n getirdi\u011fi f\u0131rsatlar ve gereklilikler yerine getirilecek ve bu \u015fartlar s\u00fcrekli iyile\u015ftirilecektir . Ayr\u0131ca firmam\u0131z\u0131n, personelimizin ve t\u00fcm ilgili taraflar\u0131n bu sisteme adaptasyonu sa\u011flanacakt\u0131r.<\/p>\n<p>Bilgi G\u00fcvenli\u011fi Politikam\u0131z y\u0131lda bir kez ya da firmam\u0131zla ilgili \u00f6nemli de\u011fi\u015fikliklerin olmas\u0131 durumunda uygunlu\u011funu, do\u011frulu\u011funu ve etkinli\u011fini sa\u011flamak i\u00e7in y\u00f6netim ve birim sorumlular\u0131n\u0131n kat\u0131l\u0131m\u0131yla g\u00f6zden ge\u00e7irilmekte ve g\u00fcncelli\u011fi sa\u011flanmaktad\u0131r.<\/p>\n","protected":false},"excerpt":{"rendered":"<p>Firmam\u0131z \u201cULUSLARARASI TA\u015eIMACILIK, TUR\u0130ZM VE T\u0130CARET FAAL\u0130YETLER\u0130\u201d alan\u0131nda hizmet vermektedir. Firmam\u0131z olarak kurum \u00e7a\u011f\u0131nda gizlilik, b\u00fct\u00fcnl\u00fck ve t\u00fcm fiziksel ve elektronik bilgi varl\u0131klar\u0131n\u0131 korumay\u0131 taahh\u00fct etmektedir.<span class=\"excerpt-hellip\"> [\u2026]<\/span><\/p>\n","protected":false},"author":1,"featured_media":0,"parent":0,"menu_order":0,"comment_status":"closed","ping_status":"closed","template":"","meta":{"rs_blank_template":"","rs_page_bg_color":"","slide_template_v7":"","footnotes":""},"class_list":["post-150","page","type-page","status-publish","hentry"],"_links":{"self":[{"href":"https:\/\/www.tetnak.com.tr\/en\/wp-json\/wp\/v2\/pages\/150","targetHints":{"allow":["GET"]}}],"collection":[{"href":"https:\/\/www.tetnak.com.tr\/en\/wp-json\/wp\/v2\/pages"}],"about":[{"href":"https:\/\/www.tetnak.com.tr\/en\/wp-json\/wp\/v2\/types\/page"}],"author":[{"embeddable":true,"href":"https:\/\/www.tetnak.com.tr\/en\/wp-json\/wp\/v2\/users\/1"}],"replies":[{"embeddable":true,"href":"https:\/\/www.tetnak.com.tr\/en\/wp-json\/wp\/v2\/comments?post=150"}],"version-history":[{"count":1,"href":"https:\/\/www.tetnak.com.tr\/en\/wp-json\/wp\/v2\/pages\/150\/revisions"}],"predecessor-version":[{"id":151,"href":"https:\/\/www.tetnak.com.tr\/en\/wp-json\/wp\/v2\/pages\/150\/revisions\/151"}],"wp:attachment":[{"href":"https:\/\/www.tetnak.com.tr\/en\/wp-json\/wp\/v2\/media?parent=150"}],"curies":[{"name":"wp","href":"https:\/\/api.w.org\/{rel}","templated":true}]}}